{"id":756,"date":"2018-04-11T16:00:27","date_gmt":"2018-04-11T14:00:27","guid":{"rendered":"https:\/\/www.mayday.jetzt\/?page_id=756"},"modified":"2018-04-11T16:00:27","modified_gmt":"2018-04-11T14:00:27","slug":"aufruftext-zwangsraeumungen-verhindern","status":"publish","type":"page","link":"https:\/\/mayday.jetzt\/index.php\/aufruftext-zwangsraeumungen-verhindern\/","title":{"rendered":"Aufruftext Zwangsr\u00e4umungen verhindern"},"content":{"rendered":"<p>-EuroMayDay-EuroMayDay-EuroMayDay-EuroMayDay-EuroMayDay-<br \/>\nGemeinsam gegen die \u00d6VP\/FP\u00d6 Regierung und Verdr\u00e4ngung<\/p>\n<p>Die T\u00fcrkis-Blaue Regierung ist ein Angriff auf die erk\u00e4mpften Rechte von Mieter_innen. Die Wunschliste der Eigent\u00fcmer_innen an Abbau von Mieter_innenrechten deckt sich mit den Vorstellungen von \u00d6VP\/FP\u00d6 und auch denen der NEOS. Diese neoliberale Politik gibt Profiten und der Sicherung von Eigentum Vorrang vor den Menschen mit ihren Bed\u00fcrfnissen.<br \/>\nSie bedeutet steigende Mieten und Konkurrenz, mehr Unsicherheit und mehr Verdr\u00e4ngung.<\/p>\n<p>Auch Makler_innenprovisionen und hohe Kautionen f\u00fcr Wohnungen schlie\u00dfen viele Menschen aus. Wer Makler_innenprovision zahlen muss, muss bis zu zwei Bruttomonatsmieten aufbringen, um \u00fcberhaupt irgendwo einziehen zu k\u00f6nnen. Makler_innengeb\u00fchren abschaffen!<br \/>\nDer Befristungsabschlag soll abgeschafft werden. Zwei Drittel der Neuvermietungen im privaten Sektor werden nur noch befristet abgeschlossen. Das bedeutet jetzt schon eine gro\u00dfe Unsicherheit f\u00fcr<br \/>\nMieter_innen. Bis jetzt gibt es jedoch bei befristeten Vertr\u00e4gen einen Abschlag von 25 Prozent. F\u00e4llt dieser, steigt die Miete um 25 Prozent.<br \/>\nJunge Menschen k\u00f6nnen sich bei den hohen Mieten oft keine eigene Wohnung leisten.<br \/>\nDas ist unabh\u00e4ngig davon, ob sie in Arbeit oder Ausbildung sind oder nicht. Sie sind gezwungen, lange bei ihren Eltern in beengten Wohnverh\u00e4ltnissen zu leben. Anstatt dieser versteckten Jugendwohnungslosigkeit: Jede Person hat das Recht, in einer eigenen, leistbaren Wohnung zu leben, ob allein, zu zweit, mit drei, vier oder mit ganz vielen Menschen!<\/p>\n<p>F\u00fcr Menschen, die auf gef\u00f6rderte Wohnungen und staatliche Beihilfen angewiesen<br \/>\nsind, bedeutet die rechte Regierung weitere Diskriminierungen, besonders wenn diese aus einem Drittstaat kommen (Menschen, die keine EU-Staatsb\u00fcrger_innenschaft haben). <\/p>\n<p>Wir widersetzen uns dieser Politik, die den Zugang zu Wohnungen an rassistischen Kriterien ausrichtet und immer weiter einschr\u00e4nkt. Anstatt sozialer und rassistischer Spaltung \u2013 Gute Wohnungen f\u00fcr Alle!<\/p>\n<p>EuroMayDay-EuroMayDay-EuroMayDay-EuroMayDay-EuroMayDay-EuroMayDay-<\/p>\n<p>Dienstag, 1.Mai 2018, 12:00 Treffpunkt Praterstern<\/p>\n<p>Jeder Tag ist Mayday \u2013 Raus zum revolution\u00e4ren 1. Mai!<br \/>\nGemeinsam gegen Zwangsr\u00e4umungen und Verdr\u00e4ngung!<br \/>\nWohnungen f\u00fcr Alle \u2013 sonst gibt\u2019s Krawalle!<\/p>\n<p><a href=\"https:\/\/zwangsraeumungenverhindern.noblogs.org\/\" rel=\"noopener\" target=\"_blank\">zwangsraeumungenverhindern.noblogs.org<\/a><\/p>\n","protected":false},"excerpt":{"rendered":"<p>-EuroMayDay-EuroMayDay-EuroMayDay-EuroMayDay-EuroMayDay- Gemeinsam gegen die \u00d6VP\/FP\u00d6 Regierung und Verdr\u00e4ngung Die T\u00fcrkis-Blaue Regierung ist ein Angriff auf die erk\u00e4mpften Rechte von Mieter_innen. Die Wunschliste der Eigent\u00fcmer_innen an Abbau von Mieter_innenrechten deckt sich mit den Vorstellungen von \u00d6VP\/FP\u00d6 und auch denen der NEOS. Diese neoliberale Politik gibt Profiten und der Sicherung von Eigentum Vorrang vor den Menschen mit &hellip; <\/p>\n<p class=\"link-more\"><a href=\"https:\/\/mayday.jetzt\/index.php\/aufruftext-zwangsraeumungen-verhindern\/\" class=\"more-link\"><span class=\"screen-reader-text\">\u201eAufruftext Zwangsr\u00e4umungen verhindern\u201c<\/span> weiterlesen<\/a><\/p>\n","protected":false},"author":2,"featured_media":0,"parent":0,"menu_order":0,"comment_status":"closed","ping_status":"closed","template":"","meta":{"footnotes":""},"class_list":["post-756","page","type-page","status-publish","hentry","entry"],"_links":{"self":[{"href":"https:\/\/mayday.jetzt\/index.php\/wp-json\/wp\/v2\/pages\/756","targetHints":{"allow":["GET"]}}],"collection":[{"href":"https:\/\/mayday.jetzt\/index.php\/wp-json\/wp\/v2\/pages"}],"about":[{"href":"https:\/\/mayday.jetzt\/index.php\/wp-json\/wp\/v2\/types\/page"}],"author":[{"embeddable":true,"href":"https:\/\/mayday.jetzt\/index.php\/wp-json\/wp\/v2\/users\/2"}],"replies":[{"embeddable":true,"href":"https:\/\/mayday.jetzt\/index.php\/wp-json\/wp\/v2\/comments?post=756"}],"version-history":[{"count":1,"href":"https:\/\/mayday.jetzt\/index.php\/wp-json\/wp\/v2\/pages\/756\/revisions"}],"predecessor-version":[{"id":757,"href":"https:\/\/mayday.jetzt\/index.php\/wp-json\/wp\/v2\/pages\/756\/revisions\/757"}],"wp:attachment":[{"href":"https:\/\/mayday.jetzt\/index.php\/wp-json\/wp\/v2\/media?parent=756"}],"curies":[{"name":"wp","href":"https:\/\/api.w.org\/{rel}","templated":true}]}}