{"id":18,"date":"2011-03-22T17:22:40","date_gmt":"2011-03-22T17:22:40","guid":{"rendered":"http:\/\/mayday-wien.org\/?page_id=18"},"modified":"2011-03-22T17:22:40","modified_gmt":"2011-03-22T17:22:40","slug":"materialien","status":"publish","type":"page","link":"https:\/\/mayday.jetzt\/index.php\/materialien\/","title":{"rendered":"Materialien"},"content":{"rendered":"<h3>2014<\/h3>\n<p>Flyer A3 in deutsch und englisch<br \/>\nDownload PDF: <a title=\"Flyer de\/en A3\" href=\"http:\/\/www.kukuma.org\/wp-content\/uploads\/2014\/04\/MAYDAYa3-deutsch-englisch2014.pdf\" target=\"_blank\">Flyer A3<\/a><\/p>\n<p>Inserat Augustin<br \/>\nDownload PDF: <a href=\"http:\/\/www.kukuma.org\/wp-content\/uploads\/2014\/04\/maydayfueraugustin10042014.pdf\" title=\"MAYDAY 4 Augustin 2014\" target=\"_blank\">Augustin A5<\/a><br \/>\n<img decoding=\"async\" src=\"http:\/\/www.kukuma.org\/wp-content\/uploads\/2014\/04\/maydayfueraugustin-webv.gif\" alt=\"\" \/><\/p>\n<p>Download PDF: <a href=\"http:\/\/www.kukuma.org\/wp-content\/uploads\/2014\/04\/PlakatFertig.pdf\" title=\"Plakat MAYDAY14 A2\" target=\"_blank\">Plakat A2<\/a><\/p>\n<p><img decoding=\"async\" alt=\"\" src=\"http:\/\/www.kukuma.org\/wp-content\/uploads\/2014\/04\/PlakatFertig-webv.gif\" \/><\/p>\n<h3>2013<\/h3>\n<p><strong>MAYDAY13 Jingle<\/strong><br \/>\n<a title=\"MAYDAY 2013 Jingle\" href=\"http:\/\/www.kukuma.org\/wp-content\/uploads\/2013\/04\/jingle-fertig-2013-57sec.mp3\" target=\"_blank\">Download-Jingle 57sec<\/a><\/p>\n<p><strong>Druckvorlagen f\u00fcr Masken<\/strong><br \/>\ncoming soon!<\/p>\n<p><strong>MAYDAY13 Plakat<\/strong><br \/>\n<a title=\"MAYDAY Plakat- gro\u00df\" href=\"http:\/\/www.kukuma.org\/wp-content\/uploads\/2013\/04\/plakat1a3.gif\" target=\"_blank\"><img loading=\"lazy\" decoding=\"async\" alt=\"MAYDAY PARADE 2013\" src=\"http:\/\/www.kukuma.org\/wp-content\/uploads\/2013\/04\/plakat1a3.gif\" width=\"350\" height=\"248\" \/><\/a><\/p>\n<p><strong>2. Plakat f\u00fcr die weiteren Vorbereitungstreffen und MAYDAY Termin<\/strong><br \/>\n<a title=\"vorbereitungstreffen mayday13-plakat\" href=\"http:\/\/www.kukuma.org\/wp-content\/uploads\/2013\/03\/mayday-plakat2gro%C3%9F.gif\" target=\"_blank\"><img loading=\"lazy\" decoding=\"async\" alt=\"vorbereitungstreffen-plakat\" src=\"http:\/\/www.kukuma.org\/wp-content\/uploads\/2013\/03\/mayday-plakat2gro%C3%9F.gif\" width=\"350\" height=\"493\" \/><\/a><\/p>\n<p>Plakat zur Ank\u00fcndigung des <a title=\"Plakat 2.Treffen\" href=\"http:\/\/www.kukuma.org\/?attachment_id=63079\" target=\"_blank\">2.Treffen am 28.03.<\/a> als PDF in Druckqualit\u00e4t (schwarz wei\u00df, oder in Farbe ausdrucken in A4 oder vorzugsweise A3)<\/p>\n<h3>2012<\/h3>\n<p>Plakat<br \/>\nFlyer<\/p>\n<div>\n<h3>Jingle 011<\/h3>\n<blockquote><p>Neuer Jingle zur Ank\u00fcndigung der MAYDAY Parade 011 im .mp3 Format.<\/p>\n<p><a href=\"http:\/\/mayday-wien.org\/wp-content\/uploads\/2011\/03\/mayday-jingle-2011.mp3\"><img loading=\"lazy\" decoding=\"async\" alt=\"Rabbit of Precarity!\" src=\"http:\/\/mayday-wien.org\/img\/rabbit.gif\" width=\"10\" height=\"14\" border=\"0\" \/> MAYDAY! Jingle 011<\/a> (.mp3)<\/p><\/blockquote>\n<h3>Plakat 011<\/h3>\n<blockquote><p><a href=\"http:\/\/mayday-wien.org\/wp-content\/uploads\/2011\/03\/PLAKATmayday.jpg\"><img loading=\"lazy\" decoding=\"async\" class=\"alignnone size-medium wp-image-251\" title=\"PLAKATmayday\" alt=\"\" src=\"http:\/\/mayday-wien.org\/wp-content\/uploads\/2011\/03\/PLAKATmayday-300x300.jpg\" width=\"300\" height=\"300\" \/><\/a><\/p>\n<p><a href=\"http:\/\/mayday-wien.org\/wp-content\/uploads\/2011\/04\/PLAKATmayday.pdf\"><img loading=\"lazy\" decoding=\"async\" alt=\"Rabbit of Precarity!\" src=\"http:\/\/mayday-wien.org\/img\/rabbit.gif\" width=\"10\" height=\"14\" border=\"0\" \/> MAYDAY! Mobilisierungsplakat 011<\/a> (.pdf)<\/p><\/blockquote>\n<h3>Webbanner 011<\/h3>\n<blockquote><p>Ab auf eure Websites damit!<\/p>\n<p><a href=\"http:\/\/mayday-wien.org\/wp-content\/uploads\/2011\/03\/banner011_small.gif\"><img loading=\"lazy\" decoding=\"async\" alt=\"\" src=\"http:\/\/mayday-wien.org\/wp-content\/uploads\/2011\/03\/banner011_small.gif\" width=\"310\" height=\"90\" \/><\/a><\/p>\n<p><a href=\"http:\/\/mayday-wien.org\/wp-content\/uploads\/2011\/03\/flat_logo_banner.gif\"><img loading=\"lazy\" decoding=\"async\" class=\"size-full wp-image-154 alignnone\" alt=\"\" src=\"http:\/\/mayday-wien.org\/wp-content\/uploads\/2011\/03\/flat_logo_banner.gif\" width=\"285\" height=\"252\" \/><\/a><\/p><\/blockquote>\n<h3>Mobilisierungsvideo 011<\/h3>\n<blockquote><p>Der MAYDAY! 011 Mobilisierungssong als .mp3 und Video.<\/p>\n<p><a href=\"http:\/\/mayday-wien.org\/wp-content\/uploads\/2011\/04\/MAYDAY_MAYDAY_Noch_zu_warten_ist_Wahnsinn.mp3\"><img loading=\"lazy\" decoding=\"async\" alt=\"Rabbit of Precarity!\" src=\"http:\/\/mayday-wien.org\/img\/rabbit.gif\" width=\"10\" height=\"14\" border=\"0\" \/> MAYDAY! MAYDAY! Noch zu warten ist Wahnsinn!<\/a> (.mp3)<\/p>\n<p><a href=\"http:\/\/austria.kanalb.org\/\"><img loading=\"lazy\" decoding=\"async\" alt=\"Rabbit of Precarity!\" src=\"http:\/\/mayday-wien.org\/img\/rabbit.gif\" width=\"10\" height=\"14\" border=\"0\" \/> Video jetzt auch auf kanalB ansehen!<\/a><\/p><\/blockquote>\n<h3>Inserate 011<\/h3>\n<blockquote><p>Inserat zur Ank\u00fcndigung der MAYDAY Parade 011 in Zeitschriften im Hoch- und Querformat.<\/p>\n<p><a href=\"http:\/\/mayday-wien.org\/wp-content\/uploads\/2011\/03\/inserat.jpg\"><img loading=\"lazy\" decoding=\"async\" class=\"size-medium wp-image-65 alignnone\" alt=\"\" src=\"http:\/\/mayday-wien.org\/wp-content\/uploads\/2011\/03\/inserat-300x144.jpg\" width=\"300\" height=\"144\" \/><\/a><\/p>\n<p><a href=\"http:\/\/mayday-wien.org\/wp-content\/uploads\/2011\/03\/mayday-jingle-2011.mp3\"><img loading=\"lazy\" decoding=\"async\" alt=\"Rabbit of Precarity!\" src=\"http:\/\/mayday-wien.org\/img\/rabbit.gif\" width=\"10\" height=\"14\" border=\"0\" \/><\/a> <a href=\"http:\/\/mayday-wien.org\/wp-content\/uploads\/2011\/03\/inserathoch.tif\">inserathoch.tif<\/a> ~\u00a0<a href=\"http:\/\/mayday-wien.org\/wp-content\/uploads\/2011\/03\/mayday-jingle-2011.mp3\"><img loading=\"lazy\" decoding=\"async\" alt=\"Rabbit of Precarity!\" src=\"http:\/\/mayday-wien.org\/img\/rabbit.gif\" width=\"10\" height=\"14\" border=\"0\" \/><\/a> <a href=\"http:\/\/mayday-wien.org\/wp-content\/uploads\/2011\/03\/inseratquer.tif\">inseratquer.tif<\/a><\/p><\/blockquote>\n<h3>Flyer 011<\/h3>\n<blockquote><p>Erster Flyer zur Mobilisierung mit den wichtigsten Terminen und Veranstaltungsank\u00fcndigungen bis zum MAYDAY als .pdf Datei.<\/p>\n<p><a href=\"http:\/\/mayday-wien.org\/wp-content\/uploads\/2011\/03\/mayday011_flyer_termine.pdf\"><img loading=\"lazy\" decoding=\"async\" alt=\"Rabbit of Precarity!\" src=\"http:\/\/mayday-wien.org\/img\/rabbit.gif\" width=\"10\" height=\"14\" border=\"0\" \/> mayday011_flyer_termine<\/a><\/p><\/blockquote>\n<blockquote><p>Flyer anl\u00e4sslich des Transnationalen Migrant_innenstreiks am 1. M\u00e4rz als .pdf Datei.<\/p>\n<p><a href=\"http:\/\/mayday-wien.org\/wp-content\/uploads\/2011\/03\/mayday011_flyer_1maerz.pdf\"><img loading=\"lazy\" decoding=\"async\" alt=\"Rabbit of Precarity!\" src=\"http:\/\/mayday-wien.org\/img\/rabbit.gif\" width=\"10\" height=\"14\" border=\"0\" \/> mayday011_flyer_1maerz<\/a><\/p><\/blockquote>\n<\/div>\n<h3>Logos 011<\/h3>\n<blockquote><p><a href=\"http:\/\/mayday-wien.org\/wp-content\/uploads\/2011\/03\/hase1.jpg\"><img loading=\"lazy\" decoding=\"async\" class=\"size-medium wp-image-99 alignnone\" alt=\"\" src=\"http:\/\/mayday-wien.org\/wp-content\/uploads\/2011\/03\/hase1-206x300.jpg\" width=\"124\" height=\"180\" \/><\/a> <a href=\"http:\/\/mayday-wien.org\/wp-content\/uploads\/2011\/03\/hase2.gif\"><img loading=\"lazy\" decoding=\"async\" class=\"alignnone size-medium wp-image-100\" alt=\"\" src=\"http:\/\/mayday-wien.org\/wp-content\/uploads\/2011\/03\/hase2-277x300.gif\" width=\"166\" height=\"180\" \/><\/a><\/p><\/blockquote>\n<h3>Avatar 011<\/h3>\n<blockquote><p>Um auch auf Facebook \/ Twitter sichtbar zu machen, dass du den MAYDAY unterst\u00fctzt.<\/p>\n<p><a href=\"http:\/\/mayday-wien.org\/wp-content\/uploads\/2011\/03\/mayday011_avatar.jpg\"><img loading=\"lazy\" decoding=\"async\" class=\"size-full wp-image-50 alignleft\" alt=\"MAYDAY011 Avatar\" src=\"http:\/\/mayday-wien.org\/wp-content\/uploads\/2011\/03\/mayday011_avatar.jpg\" width=\"180\" height=\"139\" \/><\/a><\/p><\/blockquote>\n","protected":false},"excerpt":{"rendered":"<p>2014 Flyer A3 in deutsch und englisch Download PDF: Flyer A3 Inserat Augustin Download PDF: Augustin A5 Download PDF: Plakat A2 2013 MAYDAY13 Jingle Download-Jingle 57sec Druckvorlagen f\u00fcr Masken coming soon! MAYDAY13 Plakat 2. Plakat f\u00fcr die weiteren Vorbereitungstreffen und MAYDAY Termin Plakat zur Ank\u00fcndigung des 2.Treffen am 28.03. als PDF in Druckqualit\u00e4t (schwarz wei\u00df, &hellip; <\/p>\n<p class=\"link-more\"><a href=\"https:\/\/mayday.jetzt\/index.php\/materialien\/\" class=\"more-link\"><span class=\"screen-reader-text\">\u201eMaterialien\u201c<\/span> weiterlesen<\/a><\/p>\n","protected":false},"author":2,"featured_media":0,"parent":0,"menu_order":0,"comment_status":"closed","ping_status":"closed","template":"","meta":{"footnotes":""},"class_list":["post-18","page","type-page","status-publish","hentry","entry"],"_links":{"self":[{"href":"https:\/\/mayday.jetzt\/index.php\/wp-json\/wp\/v2\/pages\/18","targetHints":{"allow":["GET"]}}],"collection":[{"href":"https:\/\/mayday.jetzt\/index.php\/wp-json\/wp\/v2\/pages"}],"about":[{"href":"https:\/\/mayday.jetzt\/index.php\/wp-json\/wp\/v2\/types\/page"}],"author":[{"embeddable":true,"href":"https:\/\/mayday.jetzt\/index.php\/wp-json\/wp\/v2\/users\/2"}],"replies":[{"embeddable":true,"href":"https:\/\/mayday.jetzt\/index.php\/wp-json\/wp\/v2\/comments?post=18"}],"version-history":[{"count":0,"href":"https:\/\/mayday.jetzt\/index.php\/wp-json\/wp\/v2\/pages\/18\/revisions"}],"wp:attachment":[{"href":"https:\/\/mayday.jetzt\/index.php\/wp-json\/wp\/v2\/media?parent=18"}],"curies":[{"name":"wp","href":"https:\/\/api.w.org\/{rel}","templated":true}]}}