{"id":16,"date":"2011-03-22T17:22:12","date_gmt":"2011-03-22T17:22:12","guid":{"rendered":"http:\/\/mayday-wien.org\/?page_id=16"},"modified":"2018-03-27T21:24:28","modified_gmt":"2018-03-27T19:24:28","slug":"termine","status":"publish","type":"page","link":"https:\/\/mayday.jetzt\/index.php\/termine\/","title":{"rendered":"Termine"},"content":{"rendered":"<h3><strong>2018<\/strong><\/h3>\n<p><strong>1.Mai 12h Praterstern MAYDAY<\/strong><\/p>\n<p>Im Zeitraum vor der MAYDAY finden mehrere Termine in Kooperation mit anderen Gruppen\/Initiativen\/Personen statt.<br \/>\nIn the time befor MAYDAY there are several events taking place in cooperation with other groups\/initiatives\/people.<br \/>\n<a href=\"https:\/\/mayday.jetzt\/index.php\/vor-der-mayday\/\" rel=\"noopener\" target=\"_blank\">https:\/\/mayday.jetzt\/index.php\/vor-der-mayday\/<\/a><\/p>\n<p><strong>offene Vorbereitungstermine \/ open preparation meetings<\/strong><br \/>\n (immer bis ca. \/ always till around 20h30)<br \/>\nMittwoch \/ wednesday  4.4. 18h<br \/>\nDienstag \/ thuesday 10.4. 18h<br \/>\nDienstag \/ thuesday 17.4. 18h<br \/>\nDienstag \/ thuesday  24.4. 18h<\/p>\n<p>Augasse 2-6, 1090 Wien &#8211; Immer im 4.Stock \/Aufzug C \u00d6H Akbild Raum \u201cWolke\u201d<br \/>\nErreichbar mit den Linien D, 35A, 37A, U5, U6<br \/>\nDie R\u00e4umlichkeiten sind \u00fcber den Aufzug neben der Einfahrt zur Parkgarage beim Josef Holaubeck Platz oder \u00fcber eine Rampe von der Augasse aus Rollstuhltauglich befahrbar. Bitte schreibt uns eine e-mail f\u00fcr genauere Wegbeschreibung und Support. <\/p>\n<p>Augasse 2-6, 1090 Wien \u2013 4th floor \/ elevator C \u00d6H Akbild Room \u201cWolke\u201d<br \/>\nAccessible with the lines D, 35A, 37A, U5, U6<br \/>\nThe premises can be accessed via the elevator next to the entrance to the parking garage at Josef Holaubeck Platz or via a ramp from the Augasse with a wheelchair. Please send us an e-mail for more detailed directions and support.<\/p>\n<p><em><strong>\/\/\/ alter Termien<\/strong><\/em><\/p>\n<h3><\/h3>\n<h3>2014<\/h3>\n<p>Vorbereitungstreffen:<br \/>\n1. Treffen am 13.3.14, um 18:30 in der d3zentr4le<\/p>\n<p>2. Treffen am 20.03.2014 &#8211; um 19:30 in der d3zentr4le<\/p>\n<p>Grafik und Layout Treffen am Freitag 28.03. 18h in der d3zentr4le<\/p>\n<p>3. Treffen am Donnerstag 03.04. um 19h30 in der d3zentr4le<\/p>\n<p>4. Treffen Donnerstag 10.4. \u2192 19:30 @d3centr4le<\/p>\n<p>5. Treffen Donnerstag 17.4. \u2192 19:30 @d3centr4le<\/p>\n<p>6. Treffen Donnerstag 24.4. \u2192 19:30 @d3centr4le<\/p>\n<p><strong>Bastelsession und Brunch<\/strong> am Samstag 26.04. um 15h in der d3zentr4le und am Schillerplatz (bei Sch\u00f6nwetter)<\/p>\n<p>d3zentr4le = Akademie Bildende K\u00fcnste Wien, Schillerplatz 1-3, Raum e4 \u2013 N\u00e4he U4 Karlsplatz<\/p>\n<p><strong>Siebdruck-Werkstatt<\/strong> f\u00fcr die MAYDAY am 24.04. ab 18h im PerpetuuMobile 2.3 \/ Geibelgasse 23 &#8211; 1150 Wien<\/p>\n<p>1.Mai MAYDAY TREFFPUNKT 13h Columbusplatz<\/p>\n<h3>2013:<\/h3>\n<p><strong>Vorbereitungstreffen:<\/strong><br \/>\nDonnerstags 11.04. um 19h<br \/>\nDonnerstag 18.04. um 19h<br \/>\nMittwoch 24.04. um 19h<br \/>\nDienstag 30.04. um 13h &#8211; open end<\/p>\n<p>Montag 29-04 ab 17h Bastel &#8211; Session &#8211; Schilder machen, Masken, Transparente malen, eventuell Siebdruck<\/p>\n<p>Freitag 26-04 gibt es um 16h30 eine Siebdruck-Session f\u00fcr die MAYDAY; Kommt vorbei und bringt Klamotten zum Bedrucken mit! Wo? im PerpetuuMobile 2.3, Geibelgasse 23, 1150 Wien<\/p>\n<p>Alle Treffen (bis auf Siebdruck) finden auf der: Akademie der Bildenden K\u00fcnste Wien \/ \u00d6H-B\u00fcro (Raum: E5) \/ Schillerplatz 3, 1010 Wien &#8211; statt<\/p>\n<h3>2012:<\/h3>\n<p>jeden Montag bis zur MAYDAY 17h30 Vorbereitungstreffen im PerpetuuMobile 2.3 \/ Geibelgasse 23 &#8211; 1150 Wien<\/p>\n<p>&nbsp;<\/p>\n<h3>von 2011:<\/h3>\n<h3><img loading=\"lazy\" decoding=\"async\" src=\"http:\/\/mayday-wien.org\/img\/rabbit.gif\" alt=\"Rabbit of Precarity!\" width=\"10\" height=\"14\" border=\"0\" \/><\/h3>\n<h3>Jeden Donnerstag um 18:30 Vorbereitungstreffen\u00a0<img loading=\"lazy\" decoding=\"async\" src=\"http:\/\/mayday-wien.org\/img\/rabbit.gif\" alt=\"Rabbit of Precarity!\" width=\"10\" height=\"14\" border=\"0\" \/><\/h3>\n<blockquote><p>Kommen, mitmachen, selbst gestalten! Amerlinghaus, Stiftgasse 8, 1070<\/p><\/blockquote>\n<h3><img loading=\"lazy\" decoding=\"async\" src=\"http:\/\/mayday-wien.org\/img\/rabbit.gif\" alt=\"Rabbit of Precarity!\" width=\"10\" height=\"14\" border=\"0\" \/> <strong>Freitag, 29. April, 19 Uhr: Know your rights! Rechtshilfeworkshop f\u00fcr neue und alte PolitaktivistInnen.<\/strong> <img loading=\"lazy\" decoding=\"async\" src=\"http:\/\/mayday-wien.org\/img\/rabbit.gif\" alt=\"Rabbit of Precarity!\" width=\"10\" height=\"14\" border=\"0\" \/><\/h3>\n<blockquote><p>Die Mayday-Parade steht am 1. Mai wieder ins Haus und daher wollen wirdie Mobilisierungsphase nutzen, um unser Wissen rund ums ThemaRechtshilfe aufzufrischen und\/oder neuen AktivistInnen basics zuvermitteln.<br \/>\nWas darf die Polizei bei Vorfeldkontrollen, wohin mit meinem Handy,Kessel, Schlagstockeinsatz, Tr\u00e4nengas, was mache ich bei einerFestnahme, sind schwarze Tuecher und Sonnenbrillen ein Verstoss gegendas Vermummungsverbot, wie kann die Polizei Kundgebungen aufl\u00f6sen,welchen Zweck hat eigentlich Aussageverweigerung und warum machenBezugsgruppen nicht nur auf Demos sondern auch in anderen,repressionsgepr\u00e4gten Zeiten Sinn?<br \/>\nWir werden uns austauschen, diskutieren, vortragen und uns rechtlich einbisschen gemeinsam gegen Polizeiwillk\u00fcr und Repression stark machen!<br \/>\nCome as you are and bring some friends! PolizeibeamtInnen sind selbstverst\u00e4ndlich nicht erw\u00fcnscht!\u00a0Ort: Schenke, Pfeilgasse 33, 1080 Wien<\/p><\/blockquote>\n<h3><img loading=\"lazy\" decoding=\"async\" src=\"http:\/\/mayday-wien.org\/img\/rabbit.gif\" alt=\"Rabbit of Precarity!\" width=\"10\" height=\"14\" border=\"0\" \/> Samstag, 30. April ab 18:00: W417 Prek\u00e4rKino: Native Land.\u00a0<img loading=\"lazy\" decoding=\"async\" src=\"http:\/\/mayday-wien.org\/img\/rabbit.gif\" alt=\"Rabbit of Precarity!\" width=\"10\" height=\"14\" border=\"0\" \/><\/h3>\n<blockquote><p>w417-Kino in der\u00a0Weissgasse 4, 1170 Wien (ab\u00a018:00 Teeniekino, 19:00 Vokue, 20:00 Film)\u00a0<a href=\"http:\/\/w417.lnxnt.org\/\">http:\/\/w417.lnxnt.org<\/a><\/p>\n<p>NATIVE LAND (USA 1942, R: Leo Hurwitz und Paul Strand)<br \/>\nmit einleitendem Input zu Bedeutung &amp; Rezeption des Films.<\/p>\n<p>Native Land ist ein 1942 erschienener Film von Leo Hurwitz und Paul\u00a0Strand. Der Film basiert auf einer 1938 erschienen Untersuchung \u00fcber die\u00a0Unterdr\u00fcckung der Organisation von ArbeiterInnen. Native Land handelt\u00a0dabei vom Kampf der Gewerkschaften gegen den Versuch der Zerschlagung der\u00a0organisierten ArbeiterInnenbewegung durch Regierung und UnternehmerInnen\u00a0in den USA der Zwischenkriegs- und Kriegszeit: diese Angriffe umfassten\u00a0eine ganze Bandbreite von Mitteln, beginnend mit dem Einsatz\u00a0terroristischer Methoden gegen organisierte ArbeiterInnen, \u00fcber die\u00a0systematische Unterwanderung von Gewerkschaften, allt\u00e4gliche\u00a0Polizeirepression, bis zu sogenannten &#8222;Schwarzen Listen&#8220;, die f\u00fcr\u00a0Berufsverbote standen. Als Agitprop-Doku orientiert sich Native Land nicht\u00a0an Kriterien der Objektivit\u00e4t, sondern stellt sich klar auf Seite der\u00a0ArbeiterInnen. Der bekannte afro-amerikanische S\u00e4nger, Schauspieler und\u00a0Aktivist Paul Robeson f\u00fchrt \u00fcbrigens als Erz\u00e4hler aus dem &#8222;Off&#8220; durch den\u00a0Film. <a href=\"http:\/\/mayday-wien.org\/2011\/04\/26\/mayday-mayday-prekarkino-in-der-w417\/\">[mehr]<\/a><\/p><\/blockquote>\n<h3><img loading=\"lazy\" decoding=\"async\" src=\"http:\/\/mayday-wien.org\/img\/rabbit.gif\" alt=\"Rabbit of Precarity!\" width=\"10\" height=\"14\" border=\"0\" \/> Sonntag, 1. Mai um 14:00: MAYDAY! Parade\u00a0<img loading=\"lazy\" decoding=\"async\" src=\"http:\/\/mayday-wien.org\/img\/rabbit.gif\" alt=\"Rabbit of Precarity!\" width=\"10\" height=\"14\" border=\"0\" \/><\/h3>\n<blockquote><p>Wallensteinplatz, 1200 Wien<\/p><\/blockquote>\n<h3><img loading=\"lazy\" decoding=\"async\" src=\"http:\/\/mayday-wien.org\/img\/rabbit.gif\" alt=\"Rabbit of Precarity!\" width=\"10\" height=\"14\" border=\"0\" \/> Dienstag, 3. Mai um 20:00: Katerfr\u00fchst\u00fcck!\u00a0<img loading=\"lazy\" decoding=\"async\" src=\"http:\/\/mayday-wien.org\/img\/rabbit.gif\" alt=\"Rabbit of Precarity!\" width=\"10\" height=\"14\" border=\"0\" \/><\/h3>\n<blockquote><p>bring your pics &amp; storys von derMAYDAY!-parade 2011! Prek\u00e4rCaf\u00e9 in der w23, WipplingerStra\u00dfe 23, 1010 Wien.<\/p><\/blockquote>\n<h2>Vergangene Termine:<\/h2>\n<h3><img loading=\"lazy\" decoding=\"async\" src=\"http:\/\/mayday-wien.org\/img\/rabbit.gif\" alt=\"Rabbit of Precarity!\" width=\"10\" height=\"14\" border=\"0\" \/> Dienstag, 22. M\u00e4rz ab 18:30: High sein, frei sein, basteln muss dabei sein!\u00a0<img loading=\"lazy\" decoding=\"async\" src=\"http:\/\/mayday-wien.org\/img\/rabbit.gif\" alt=\"Rabbit of Precarity!\" width=\"10\" height=\"14\" border=\"0\" \/><\/h3>\n<blockquote><p>Bastelworkshop #1 f\u00fcrdie MAYDAY!-Parade. Akademie der bildenden K\u00fcnste, Aula, Schillerplatz 3, 1010 Wien<\/p><\/blockquote>\n<h3><img loading=\"lazy\" decoding=\"async\" src=\"http:\/\/mayday-wien.org\/img\/rabbit.gif\" alt=\"Rabbit of Precarity!\" width=\"10\" height=\"14\" border=\"0\" \/> Donnerstag, 24. M\u00e4rz 18:00:\u00a0Film und Diskussion: Miteinem L\u00e4cheln auf den Lippen \/\u00a0weiblicher Hausarbeit als globales Ph\u00e4nomen.\u00a0<img loading=\"lazy\" decoding=\"async\" src=\"http:\/\/mayday-wien.org\/img\/rabbit.gif\" alt=\"Rabbit of Precarity!\" width=\"10\" height=\"14\" border=\"0\" \/><\/h3>\n<blockquote><p>Film: Mit einem L\u00e4cheln auf den Lippen.\u00a0Eine Hausarbeiterin zieht vor das Arbeitsgericht.\u00a0Anschlie\u00dfend Diskussion: weiblicher Hausarbeit als globales Ph\u00e4nomen.\u00a0Eine Veranstaltung von maiz (<a href=\"http:\/\/www.msplinks.com\/MDFodHRwOi8vd3d3Lm1haXouYXQ=\" target=\"_blank\" rel=\"noopener\">www.maiz.at<\/a>) und Prek\u00e4r Caf\u00e9 (<a href=\"http:\/\/www.msplinks.com\/MDFodHRwOi8vd3d3LnByZWthZXIuYXQ=\" target=\"_blank\" rel=\"noopener\">www.prekaer.at<\/a>).\u00a0Moviemento, OK-Platz 1, 4020 Linz. Eintritt frei!\u00a0<a href=\"http:\/\/www.myspace.com\/prekaer\/blog\/542334233\" target=\"_blank\" rel=\"noopener\">[mehr]<\/a><\/p><\/blockquote>\n<h3><img loading=\"lazy\" decoding=\"async\" src=\"http:\/\/mayday-wien.org\/img\/rabbit.gif\" alt=\"Rabbit of Precarity!\" width=\"10\" height=\"14\" border=\"0\" \/> Dienstag, 5. April um 20 Uhr: Vom EuroMayDay zum Streik der Prek\u00e4ren!\u00a0<img loading=\"lazy\" decoding=\"async\" src=\"http:\/\/mayday-wien.org\/img\/rabbit.gif\" alt=\"Rabbit of Precarity!\" width=\"10\" height=\"14\" border=\"0\" \/><\/h3>\n<blockquote><p>Diskussion mit Aktivist*in aus Milano. Prek\u00e4rCaf\u00e9 in der w23, WipplingerStra\u00dfe 23, 1010 Wien\u00a0<a href=\"http:\/\/www.myspace.com\/prekaer\/blog\/542458104\" target=\"_blank\" rel=\"noopener\">[mehr]<\/a><\/p><\/blockquote>\n<h3><img loading=\"lazy\" decoding=\"async\" src=\"http:\/\/mayday-wien.org\/img\/rabbit.gif\" alt=\"Rabbit of Precarity!\" width=\"10\" height=\"14\" border=\"0\" \/> Donnerstag, 7. April um 20:00: Geschichte, Diskussionen, Strategien und Videos in und aus der transnationalen MAYDAY Bewegung\u00a0<img loading=\"lazy\" decoding=\"async\" src=\"http:\/\/mayday-wien.org\/img\/rabbit.gif\" alt=\"Rabbit of Precarity!\" width=\"10\" height=\"14\" border=\"0\" \/><\/h3>\n<blockquote><p>Mobilisierungsveranstaltung im EKH, Wielandgasse 2-4, 1100 Wien<\/p><\/blockquote>\n<h3><img loading=\"lazy\" decoding=\"async\" src=\"http:\/\/mayday-wien.org\/img\/rabbit.gif\" alt=\"Rabbit of Precarity!\" width=\"10\" height=\"14\" border=\"0\" \/> Mittwoch, 13. April um 20.00: Wir sind Parade!\u00a0<img loading=\"lazy\" decoding=\"async\" src=\"http:\/\/mayday-wien.org\/img\/rabbit.gif\" alt=\"Rabbit of Precarity!\" width=\"10\" height=\"14\" border=\"0\" \/><\/h3>\n<blockquote><p><em>Mobilisierungsveranstaltung in das que[e]r &#8211; Wipplinger Stra\u00dfe 23, 1010 Wien<\/em><\/p>\n<p>Wir pfeifen auf die Karotte vor der Nase, die das sch\u00f6ne Leben versprechen soll. Wir sagen der Entsicherung der Lebens- und Arbeitsverh\u00e4ltnisse den Kampf an. Am 1. Mai findet daher auch in Wien wieder eine MAYDAY!-Parade statt. Denn: Noch zu warten ist Wahnsinn! So lautet auch der Titel eines eigens zur Mobilisierung gedrehten Musikvideos, in dem eine Gang von prek\u00e4ren Aktivist*innen durch Wien zieht. Prek\u00e4r k\u00e4mpfen und prek\u00e4r tanzen statt prek\u00e4r arbeiten und prek\u00e4r leben ist schlie\u00dflich schon l\u00e4nger eine Devise der Mayday-Paraden, die sich in den letzten zehn Jahren von Milano ausgehend vor allem in Europa, aber auch dar\u00fcber hinaus ausgebreitet haben. Wie aber sieht\u2019s im eigenen Alltag aus? Musst du, darfst du, willst du\u2026 arbeiten? Wie wohnst du? Hast du Freizeit? Wovon lebst du 2039? Wie machen wir der Prekarisierung gemeinsam einen Strich durch die Rechnung?<\/p><\/blockquote>\n<h3><img loading=\"lazy\" decoding=\"async\" src=\"http:\/\/mayday-wien.org\/img\/rabbit.gif\" alt=\"Rabbit of Precarity!\" width=\"10\" height=\"14\" border=\"0\" \/> Donnerstag, 14. April um 19:00: MAYDAY! Uni Prek\u00e4r!\u00a0<img loading=\"lazy\" decoding=\"async\" src=\"http:\/\/mayday-wien.org\/img\/rabbit.gif\" alt=\"Rabbit of Precarity!\" width=\"10\" height=\"14\" border=\"0\" \/><\/h3>\n<blockquote><p><em>Veranstaltung von Linkes Hoch-schulnetzwerk, Perspektiven und IG Externe LektorInnen und FreieWissenschafterInnen.\u00a0AULA am Uni Campus, Spitalgasse 2, Hof 1, 1090 Wien<\/em><\/p>\n<p>Am 1. Mai findet heuer zum f\u00fcnften Mal die MayDay-Parade in Wien statt. Begonnen hat alles 2004 als Teil der EuroMayDay-Kampagne mit dem Ziel einerseits den 1. Mai als Kampftag zu erneuern und andererseits \u2013 auch \u00fcber den 1. Mai hinaus \u2013 das Thema \u201cPrekarisierung\u201d an die \u00d6ffentlichkeit zu tragen und widerst\u00e4ndig zu besetzen. Begriffe wie Prekarit\u00e4t, Prekarisierung und Prekariat sind mittlerweile den wenigsten fremd. Immer mehr Menschen sind mit \u201cflexibleren\u201d Arbeitsverh\u00e4ltnisssen bei entsprechend marktgerechteren \u2013 sprich: niedrigeren L\u00f6hnen konfrontiert, sei es bei der Arbeit mit Laptop oder Putzfetzen; mit oder ohne Krankenversicherung; mit oder ohne Aufenthalts- oder Arbeitsbewilligung.\u00a0<a href=\"http:\/\/mayday-wien.org\/2011\/04\/13\/maydaymayday-uni-prekar\/\" target=\"_blank\" rel=\"noopener\">[mehr]<\/a><\/p><\/blockquote>\n<h3><img loading=\"lazy\" decoding=\"async\" src=\"http:\/\/mayday-wien.org\/img\/rabbit.gif\" alt=\"Rabbit of Precarity!\" width=\"10\" height=\"14\" border=\"0\" \/> Donnerstag, 18. April um 18:30: High sein, frei sein, basteln muss dabei sein! (2. MAYDAY- Bastel-Spa\u00df)\u00a0<img loading=\"lazy\" decoding=\"async\" src=\"http:\/\/mayday-wien.org\/img\/rabbit.gif\" alt=\"Rabbit of Precarity!\" width=\"10\" height=\"14\" border=\"0\" \/><\/h3>\n<blockquote><p><em>Zeichens\u00e4le der Architektur, TU Hauptgeb\u00e4ude am Karlsplatz (Nr. 13) &#8211; Stiege 4, dritter Stock<\/em><\/p>\n<p>n\u00e4chsten montag gibt es wieder die m\u00f6glichkeit, gemeinsam demo-\/aktions-utensilien zu basteln. und zwar diesmal an der TU. hintergrund f\u00fcr die ortswahl ist, dass die TU derzeit versucht, den studierenden ihre selbstverwalteten zeichens\u00e4le um die fachschaft architektur wegzunehmen. es handelt sich dabei um einige der \u00e4ltesten selbstverwalteten r\u00e4ume, die in wien noch zu finden sind. sie wurden vor ca. 20 jahren besetzt und sollen nun in den osterferien ger\u00e4umt und umgebaut werden. um das zu verhindern, sollen sie m\u00f6glichst immer bespielt sein. wir wurden daher eingeladen, unser treffen dort zu machen und tun das hiermit.\u00a0beim letzten mal wurden \u00fcbrigens bereits 25 book blocs fabriziert, die diesmal bemalt und beschrieben werden. siehe bastelanleitung book bloc:http:\/\/www.youtube.com\/watch?v=0pAea8o__b8=&gt; ideen f\u00fcr buchtitel bitte zahlreich an die liste!\u00a0und wie beim letzten mal: f\u00fcr andere bastel-ideen einfach material mitbringen und hinkommen!<\/p><\/blockquote>\n<h3><img loading=\"lazy\" decoding=\"async\" src=\"http:\/\/mayday-wien.org\/img\/rabbit.gif\" alt=\"Rabbit of Precarity!\" width=\"10\" height=\"14\" border=\"0\" \/> Sonntag, 24. April ab 21:30: mellowsubmarinetakeustothe~maydayparade\u00a0<img loading=\"lazy\" decoding=\"async\" src=\"http:\/\/mayday-wien.org\/img\/rabbit.gif\" alt=\"Rabbit of Precarity!\" width=\"10\" height=\"14\" border=\"0\" \/><\/h3>\n<blockquote><p>diesmal nix traurig, sondern k\u00e4mpfen. f\u00fcr mayday! \u00a0yo\u00a0mit bild &amp; arbeiterInnent\u00f6nen, versprochen!\u00a0und viele dj\u00b4s, hell! Cafe &#8222;Jetzt&#8220;, Parhamerplatz, 1170 Wien<\/p><\/blockquote>\n<h3><img loading=\"lazy\" decoding=\"async\" src=\"http:\/\/mayday-wien.org\/img\/rabbit.gif\" alt=\"Rabbit of Precarity!\" width=\"10\" height=\"14\" border=\"0\" \/> Mittwoch, 27. April ab 18:00: Demo gegen das Fremden-Unrechtspaket!\u00a0<img loading=\"lazy\" decoding=\"async\" src=\"http:\/\/mayday-wien.org\/img\/rabbit.gif\" alt=\"Rabbit of Precarity!\" width=\"10\" height=\"14\" border=\"0\" \/><\/h3>\n<blockquote><p>Das ist nicht unser Gesetz! Treffpunkt: Wien Westbahnhof \/Christian Broda Platz.<\/p><\/blockquote>\n<p>&nbsp;<\/p>\n","protected":false},"excerpt":{"rendered":"<p>2018 1.Mai 12h Praterstern MAYDAY Im Zeitraum vor der MAYDAY finden mehrere Termine in Kooperation mit anderen Gruppen\/Initiativen\/Personen statt. In the time befor MAYDAY there are several events taking place in cooperation with other groups\/initiatives\/people. https:\/\/mayday.jetzt\/index.php\/vor-der-mayday\/ offene Vorbereitungstermine \/ open preparation meetings (immer bis ca. \/ always till around 20h30) Mittwoch \/ wednesday 4.4. 18h &hellip; <\/p>\n<p class=\"link-more\"><a href=\"https:\/\/mayday.jetzt\/index.php\/termine\/\" class=\"more-link\"><span class=\"screen-reader-text\">\u201eTermine\u201c<\/span> weiterlesen<\/a><\/p>\n","protected":false},"author":2,"featured_media":0,"parent":0,"menu_order":0,"comment_status":"closed","ping_status":"closed","template":"","meta":{"footnotes":""},"class_list":["post-16","page","type-page","status-publish","hentry","entry"],"_links":{"self":[{"href":"https:\/\/mayday.jetzt\/index.php\/wp-json\/wp\/v2\/pages\/16","targetHints":{"allow":["GET"]}}],"collection":[{"href":"https:\/\/mayday.jetzt\/index.php\/wp-json\/wp\/v2\/pages"}],"about":[{"href":"https:\/\/mayday.jetzt\/index.php\/wp-json\/wp\/v2\/types\/page"}],"author":[{"embeddable":true,"href":"https:\/\/mayday.jetzt\/index.php\/wp-json\/wp\/v2\/users\/2"}],"replies":[{"embeddable":true,"href":"https:\/\/mayday.jetzt\/index.php\/wp-json\/wp\/v2\/comments?post=16"}],"version-history":[{"count":8,"href":"https:\/\/mayday.jetzt\/index.php\/wp-json\/wp\/v2\/pages\/16\/revisions"}],"predecessor-version":[{"id":723,"href":"https:\/\/mayday.jetzt\/index.php\/wp-json\/wp\/v2\/pages\/16\/revisions\/723"}],"wp:attachment":[{"href":"https:\/\/mayday.jetzt\/index.php\/wp-json\/wp\/v2\/media?parent=16"}],"curies":[{"name":"wp","href":"https:\/\/api.w.org\/{rel}","templated":true}]}}